{"id":3772,"date":"2025-02-11T14:15:23","date_gmt":"2025-02-11T13:15:23","guid":{"rendered":"https:\/\/vivrelislam.fr\/index.php\/panier\/"},"modified":"2025-08-04T10:49:48","modified_gmt":"2025-08-04T06:49:48","slug":"panier","status":"publish","type":"page","link":"https:\/\/vivrelislam.fr\/index.php\/panier\/","title":{"rendered":"Panier"},"content":{"rendered":"\n<div data-block-name=\"woocommerce\/cart\" class=\"wp-block-woocommerce-cart alignwide is-loading\">\n<div data-block-name=\"woocommerce\/filled-cart-block\" class=\"wp-block-woocommerce-filled-cart-block\">\n<div data-block-name=\"woocommerce\/cart-items-block\" class=\"wp-block-woocommerce-cart-items-block\">\n<div data-block-name=\"woocommerce\/cart-line-items-block\" class=\"wp-block-woocommerce-cart-line-items-block\"><\/div>\n\n\n\n<div data-block-name=\"woocommerce\/cart-cross-sells-block\" class=\"wp-block-woocommerce-cart-cross-sells-block\">\n<h2 class=\"wp-block-heading has-large-font-size\">\u00c7a peut vous int\u00e9resser&#8230;<\/h2>\n\n\n\n<div data-block-name=\"woocommerce\/cart-cross-sells-products-block\" class=\"wp-block-woocommerce-cart-cross-sells-products-block\"><\/div>\n<\/div>\n<\/div>\n\n\n\n<div data-block-name=\"woocommerce\/cart-totals-block\" class=\"wp-block-woocommerce-cart-totals-block\">\n<div data-block-name=\"woocommerce\/cart-order-summary-block\" class=\"wp-block-woocommerce-cart-order-summary-block\">\n<div data-block-name=\"woocommerce\/cart-order-summary-heading-block\" class=\"wp-block-woocommerce-cart-order-summary-heading-block\"><\/div><div data-block-name=\"woocommerce\/cart-order-summary-coupon-form-block\" class=\"wp-block-woocommerce-cart-order-summary-coupon-form-block\"><\/div><div data-block-name=\"woocommerce\/cart-order-summary-totals-block\" class=\"wp-block-woocommerce-cart-order-summary-totals-block\">\n<div data-block-name=\"woocommerce\/cart-order-summary-subtotal-block\" class=\"wp-block-woocommerce-cart-order-summary-subtotal-block\"><\/div>\n<div data-block-name=\"woocommerce\/cart-order-summary-discount-block\" class=\"wp-block-woocommerce-cart-order-summary-discount-block\"><\/div>\n<div data-block-name=\"woocommerce\/cart-order-summary-fee-block\" class=\"wp-block-woocommerce-cart-order-summary-fee-block\"><\/div>\n<div data-block-name=\"woocommerce\/cart-order-summary-shipping-block\" class=\"wp-block-woocommerce-cart-order-summary-shipping-block\"><\/div>\n<div data-block-name=\"woocommerce\/cart-order-summary-taxes-block\" class=\"wp-block-woocommerce-cart-order-summary-taxes-block\"><\/div><\/div>\n<\/div>\n\n\n\n<div data-block-name=\"woocommerce\/cart-express-payment-block\" class=\"wp-block-woocommerce-cart-express-payment-block\"><\/div>\n\n\n\n<div data-block-name=\"woocommerce\/proceed-to-checkout-block\" class=\"wp-block-woocommerce-proceed-to-checkout-block\"><\/div>\n\n\n\n<div data-block-name=\"woocommerce\/cart-accepted-payment-methods-block\" class=\"wp-block-woocommerce-cart-accepted-payment-methods-block\"><\/div>\n<\/div>\n<\/div>\n\n\n\n<div data-block-name=\"woocommerce\/empty-cart-block\" class=\"wp-block-woocommerce-empty-cart-block\">\n<h2 class=\"wp-block-heading has-text-align-center with-empty-cart-icon wc-block-cart__empty-cart__title\">Votre panier est actuellement vide\u00a0!<\/h2>\n\n\n\n<hr class=\"wp-block-separator has-alpha-channel-opacity is-style-dots\"\/>\n\n\n\n<h2 class=\"wp-block-heading has-text-align-center\">Nouveau dans la boutique<\/h2>\n\n\n<div data-block-name=\"woocommerce\/product-new\" data-columns=\"4\" data-rows=\"1\" class=\"wc-block-grid wp-block-product-new wp-block-woocommerce-product-new wc-block-product-new has-4-columns\"><ul class=\"wc-block-grid__products\"><li class=\"wc-block-grid__product\">\n\t\t\t\t<a href=\"https:\/\/vivrelislam.fr\/index.php\/produit\/adhesion-premium\/\" class=\"wc-block-grid__product-link\">\n\t\t\t\t\t\n\t\t\t\t\t<div class=\"wc-block-grid__product-image\"><img fetchpriority=\"high\" decoding=\"async\" width=\"300\" height=\"300\" src=\"https:\/\/vivrelislam.fr\/wp-content\/uploads\/2025\/04\/brand-loyalty-300x300.png\" class=\"attachment-woocommerce_thumbnail size-woocommerce_thumbnail\" alt=\"Adh\u00e9sion premium\" srcset=\"https:\/\/vivrelislam.fr\/wp-content\/uploads\/2025\/04\/brand-loyalty-300x300.png 300w, https:\/\/vivrelislam.fr\/wp-content\/uploads\/2025\/04\/brand-loyalty-150x150.png 150w, https:\/\/vivrelislam.fr\/wp-content\/uploads\/2025\/04\/brand-loyalty-450x450.png 450w, https:\/\/vivrelislam.fr\/wp-content\/uploads\/2025\/04\/brand-loyalty-106x106.png 106w, https:\/\/vivrelislam.fr\/wp-content\/uploads\/2025\/04\/brand-loyalty-80x80.png 80w, https:\/\/vivrelislam.fr\/wp-content\/uploads\/2025\/04\/brand-loyalty-100x100.png 100w, https:\/\/vivrelislam.fr\/wp-content\/uploads\/2025\/04\/brand-loyalty.png 512w\" sizes=\"(max-width: 300px) 100vw, 300px\" \/><\/div>\n\t\t\t\t\t<div class=\"wc-block-grid__product-title\">Adh\u00e9sion premium<\/div>\n\t\t\t\t<\/a>\n\t\t\t\t<div class=\"wc-block-grid__product-price price\"><span class=\"woocommerce-Price-amount amount\">50,00&nbsp;<span class=\"woocommerce-Price-currencySymbol\">&euro;<\/span><\/span><\/div>\n\t\t\t\t\n\t\t\t\t<div class=\"wp-block-button wc-block-grid__product-add-to-cart\"><a href=\"?add-to-cart=4491\" aria-label=\"Ajouter au panier\u00a0: &ldquo;Adh\u00e9sion premium&rdquo;\" data-quantity=\"1\" data-product_id=\"4491\" data-product_sku=\"\" data-price=\"50\" rel=\"nofollow\" class=\"wp-block-button__link  add_to_cart_button ajax_add_to_cart\">Ajouter au panier<\/a><\/div>\n\t\t\t<\/li><li class=\"wc-block-grid__product\">\n\t\t\t\t<a href=\"https:\/\/vivrelislam.fr\/index.php\/produit\/les-premiers-pas-du-petit-musulman\/\" class=\"wc-block-grid__product-link\">\n\t\t\t\t\t\n\t\t\t\t\t<div class=\"wc-block-grid__product-image\"><img decoding=\"async\" width=\"300\" height=\"300\" src=\"https:\/\/vivrelislam.fr\/wp-content\/uploads\/2025\/05\/2025-05-06-16_19_35-Add-New-Flipbook-\u2039-Vivre-lIslam-\u2014-WordPress-300x300.png\" class=\"attachment-woocommerce_thumbnail size-woocommerce_thumbnail\" alt=\"Les premiers pas du petit musulman\" srcset=\"https:\/\/vivrelislam.fr\/wp-content\/uploads\/2025\/05\/2025-05-06-16_19_35-Add-New-Flipbook-\u2039-Vivre-lIslam-\u2014-WordPress-300x300.png 300w, https:\/\/vivrelislam.fr\/wp-content\/uploads\/2025\/05\/2025-05-06-16_19_35-Add-New-Flipbook-\u2039-Vivre-lIslam-\u2014-WordPress-150x150.png 150w, https:\/\/vivrelislam.fr\/wp-content\/uploads\/2025\/05\/2025-05-06-16_19_35-Add-New-Flipbook-\u2039-Vivre-lIslam-\u2014-WordPress-450x450.png 450w, https:\/\/vivrelislam.fr\/wp-content\/uploads\/2025\/05\/2025-05-06-16_19_35-Add-New-Flipbook-\u2039-Vivre-lIslam-\u2014-WordPress-106x106.png 106w, https:\/\/vivrelislam.fr\/wp-content\/uploads\/2025\/05\/2025-05-06-16_19_35-Add-New-Flipbook-\u2039-Vivre-lIslam-\u2014-WordPress-80x80.png 80w, https:\/\/vivrelislam.fr\/wp-content\/uploads\/2025\/05\/2025-05-06-16_19_35-Add-New-Flipbook-\u2039-Vivre-lIslam-\u2014-WordPress-100x100.png 100w\" sizes=\"(max-width: 300px) 100vw, 300px\" \/><\/div>\n\t\t\t\t\t<div class=\"wc-block-grid__product-title\">Les premiers pas du petit musulman<\/div>\n\t\t\t\t<\/a>\n\t\t\t\t<div class=\"wc-block-grid__product-price price\"><span class=\"woocommerce-Price-amount amount\">10,00&nbsp;<span class=\"woocommerce-Price-currencySymbol\">&euro;<\/span><\/span><\/div>\n\t\t\t\t\n\t\t\t\t<div class=\"wp-block-button wc-block-grid__product-add-to-cart\"><a href=\"?add-to-cart=4231\" aria-label=\"Ajouter au panier\u00a0: &ldquo;Les premiers pas du petit musulman&rdquo;\" data-quantity=\"1\" data-product_id=\"4231\" data-product_sku=\"\" data-price=\"10\" rel=\"nofollow\" class=\"wp-block-button__link  add_to_cart_button ajax_add_to_cart\">Ajouter au panier<\/a><\/div>\n\t\t\t<\/li><li class=\"wc-block-grid__product\">\n\t\t\t\t<a href=\"https:\/\/vivrelislam.fr\/index.php\/produit\/le-guide-du-tadjwid-copie\/\" class=\"wc-block-grid__product-link\">\n\t\t\t\t\t\n\t\t\t\t\t<div class=\"wc-block-grid__product-image\"><img decoding=\"async\" width=\"300\" height=\"300\" src=\"https:\/\/vivrelislam.fr\/wp-content\/uploads\/2025\/04\/Qayda-e1744729443969-300x300.png\" class=\"attachment-woocommerce_thumbnail size-woocommerce_thumbnail\" alt=\"Les r\u00e8gles distingu\u00e9es de la lecture du Qour&#039;\u00e2ne\" srcset=\"https:\/\/vivrelislam.fr\/wp-content\/uploads\/2025\/04\/Qayda-e1744729443969-300x300.png 300w, https:\/\/vivrelislam.fr\/wp-content\/uploads\/2025\/04\/Qayda-e1744729443969-150x150.png 150w, https:\/\/vivrelislam.fr\/wp-content\/uploads\/2025\/04\/Qayda-e1744729443969-450x450.png 450w, https:\/\/vivrelislam.fr\/wp-content\/uploads\/2025\/04\/Qayda-e1744729443969-106x106.png 106w, https:\/\/vivrelislam.fr\/wp-content\/uploads\/2025\/04\/Qayda-e1744729443969-560x560.png 560w, https:\/\/vivrelislam.fr\/wp-content\/uploads\/2025\/04\/Qayda-e1744729443969-80x80.png 80w, https:\/\/vivrelislam.fr\/wp-content\/uploads\/2025\/04\/Qayda-e1744729443969-100x100.png 100w, https:\/\/vivrelislam.fr\/wp-content\/uploads\/2025\/04\/Qayda-e1744729443969.png 600w\" sizes=\"(max-width: 300px) 100vw, 300px\" \/><\/div>\n\t\t\t\t\t<div class=\"wc-block-grid__product-title\">Les r\u00e8gles distingu\u00e9es de la lecture du Qour&#8217;\u00e2ne<\/div>\n\t\t\t\t<\/a>\n\t\t\t\t<div class=\"wc-block-grid__product-price price\"><span class=\"woocommerce-Price-amount amount\">8,00&nbsp;<span class=\"woocommerce-Price-currencySymbol\">&euro;<\/span><\/span><\/div>\n\t\t\t\t\n\t\t\t\t<div class=\"wp-block-button wc-block-grid__product-add-to-cart\"><a href=\"?add-to-cart=3982\" aria-label=\"Ajouter au panier\u00a0: &ldquo;Les r\u00e8gles distingu\u00e9es de la lecture du Qour&#039;\u00e2ne&rdquo;\" data-quantity=\"1\" data-product_id=\"3982\" data-product_sku=\"\" data-price=\"8\" rel=\"nofollow\" class=\"wp-block-button__link  add_to_cart_button ajax_add_to_cart\">Ajouter au panier<\/a><\/div>\n\t\t\t<\/li><li class=\"wc-block-grid__product\">\n\t\t\t\t<a href=\"https:\/\/vivrelislam.fr\/index.php\/produit\/le-guide-du-tadjwid\/\" class=\"wc-block-grid__product-link\">\n\t\t\t\t\t\n\t\t\t\t\t<div class=\"wc-block-grid__product-image\"><img loading=\"lazy\" decoding=\"async\" width=\"300\" height=\"300\" src=\"https:\/\/vivrelislam.fr\/wp-content\/uploads\/2025\/04\/tadjwid-300x300.png\" class=\"attachment-woocommerce_thumbnail size-woocommerce_thumbnail\" alt=\"Le guide du Tadjw\u00eed\" srcset=\"https:\/\/vivrelislam.fr\/wp-content\/uploads\/2025\/04\/tadjwid-300x300.png 300w, https:\/\/vivrelislam.fr\/wp-content\/uploads\/2025\/04\/tadjwid-150x150.png 150w, https:\/\/vivrelislam.fr\/wp-content\/uploads\/2025\/04\/tadjwid-450x450.png 450w, https:\/\/vivrelislam.fr\/wp-content\/uploads\/2025\/04\/tadjwid-106x106.png 106w, https:\/\/vivrelislam.fr\/wp-content\/uploads\/2025\/04\/tadjwid-560x560.png 560w, https:\/\/vivrelislam.fr\/wp-content\/uploads\/2025\/04\/tadjwid-80x80.png 80w, https:\/\/vivrelislam.fr\/wp-content\/uploads\/2025\/04\/tadjwid-100x100.png 100w\" sizes=\"(max-width: 300px) 100vw, 300px\" \/><\/div>\n\t\t\t\t\t<div class=\"wc-block-grid__product-title\">Le guide du Tadjw\u00eed<\/div>\n\t\t\t\t<\/a>\n\t\t\t\t<div class=\"wc-block-grid__product-price price\"><span class=\"woocommerce-Price-amount amount\">15,00&nbsp;<span class=\"woocommerce-Price-currencySymbol\">&euro;<\/span><\/span><\/div>\n\t\t\t\t\n\t\t\t\t<div class=\"wp-block-button wc-block-grid__product-add-to-cart\"><a href=\"?add-to-cart=3979\" aria-label=\"Ajouter au panier\u00a0: &ldquo;Le guide du Tadjw\u00eed&rdquo;\" data-quantity=\"1\" data-product_id=\"3979\" data-product_sku=\"\" data-price=\"15\" rel=\"nofollow\" class=\"wp-block-button__link  add_to_cart_button ajax_add_to_cart\">Ajouter au panier<\/a><\/div>\n\t\t\t<\/li><\/ul><\/div><\/div>\n<\/div>\n","protected":false},"excerpt":{"rendered":"","protected":false},"author":1,"featured_media":0,"parent":0,"menu_order":0,"comment_status":"closed","ping_status":"closed","template":"","meta":{"pmpro_default_level":"","_themeisle_gutenberg_block_has_review":false,"footnotes":""},"class_list":["post-3772","page","type-page","status-publish","hentry","pmpro-has-access"],"_links":{"self":[{"href":"https:\/\/vivrelislam.fr\/index.php\/wp-json\/wp\/v2\/pages\/3772","targetHints":{"allow":["GET"]}}],"collection":[{"href":"https:\/\/vivrelislam.fr\/index.php\/wp-json\/wp\/v2\/pages"}],"about":[{"href":"https:\/\/vivrelislam.fr\/index.php\/wp-json\/wp\/v2\/types\/page"}],"author":[{"embeddable":true,"href":"https:\/\/vivrelislam.fr\/index.php\/wp-json\/wp\/v2\/users\/1"}],"replies":[{"embeddable":true,"href":"https:\/\/vivrelislam.fr\/index.php\/wp-json\/wp\/v2\/comments?post=3772"}],"version-history":[{"count":1,"href":"https:\/\/vivrelislam.fr\/index.php\/wp-json\/wp\/v2\/pages\/3772\/revisions"}],"predecessor-version":[{"id":4351,"href":"https:\/\/vivrelislam.fr\/index.php\/wp-json\/wp\/v2\/pages\/3772\/revisions\/4351"}],"wp:attachment":[{"href":"https:\/\/vivrelislam.fr\/index.php\/wp-json\/wp\/v2\/media?parent=3772"}],"curies":[{"name":"wp","href":"https:\/\/api.w.org\/{rel}","templated":true}]}}