{"id":3938,"date":"2025-04-13T17:14:37","date_gmt":"2025-04-13T13:14:37","guid":{"rendered":"https:\/\/vivrelislam.fr\/?post_type=product&#038;p=3938"},"modified":"2026-03-02T12:32:35","modified_gmt":"2026-03-02T08:32:35","slug":"pratique-de-lessentiel-cm1","status":"publish","type":"product","link":"https:\/\/vivrelislam.fr\/index.php\/produit\/pratique-de-lessentiel-cm1\/","title":{"rendered":"Pratique de l&#8217;essentiel &#8211; CM1"},"content":{"rendered":"<p>Un parent a entre autre, la responsabilit\u00e9 de retransmettre \u00e0 son enfant l\u2019\u00e9ducation du Qour\u2019\u00e2ne (c\u2019est-\u00e0-dire lui enseigner sa lecture et sa pratique).<br \/>\nPar les premiers versets r\u00e9v\u00e9l\u00e9s, Le Cr\u00e9ateur a magnifi\u00e9 aupr\u00e8s de Ses cr\u00e9atures le statut de l\u2019\u00e9ducation et de l\u2019enseignement dans la religion. \u00ab Lis ! Ton Seigneur est le Tr\u00e8s Noble, qui a enseign\u00e9 par la plume [le qalame]. Il a enseign\u00e9 \u00e0 l&#8217;Homme ce qu&#8217;il ne savait pas. \u00bb<br \/>\nSi nous souhaitons leur r\u00e9ussite dans les deux mondes, il nous incombe de mettre tous les moyens \u00e0 leur disposition pour qu\u2019ils puissent, d\u00e8s leur jeune \u00e2ge, s\u2019impr\u00e9gner des valeurs enseign\u00e9es par notre bien aim\u00e9 Proph\u00e8te \ufdfa, car comme le dit le dicton : \u00ab La science s\u2019acquiert du berceau au tombeau \u00bb.<\/p>\n","protected":false},"excerpt":{"rendered":"<p>Un parent a entre autre, la responsabilit\u00e9 de retransmettre \u00e0 son enfant l\u2019\u00e9ducation du Qour\u2019\u00e2ne (c\u2019est-\u00e0-dire lui enseigner sa lecture et sa pratique).<br \/>\nPar les premiers versets r\u00e9v\u00e9l\u00e9s, Le Cr\u00e9ateur a magnifi\u00e9 aupr\u00e8s de Ses cr\u00e9atures le statut de l\u2019\u00e9ducation et de l\u2019enseignement dans la religion. \u00ab Lis ! Ton Seigneur est le Tr\u00e8s Noble, qui a enseign\u00e9 par la plume [le qalame]. Il a enseign\u00e9 \u00e0 l&#8217;Homme ce qu&#8217;il ne savait pas. \u00bb<br \/>\nSi nous souhaitons leur r\u00e9ussite dans les deux mondes, il nous incombe de mettre tous les moyens \u00e0 leur disposition pour qu\u2019ils puissent, d\u00e8s leur jeune \u00e2ge, s\u2019impr\u00e9gner des valeurs enseign\u00e9es par notre bien aim\u00e9 Proph\u00e8te \ufdfa, car comme le dit le dicton : \u00ab La science s\u2019acquiert du berceau au tombeau \u00bb.<\/p>\n","protected":false},"featured_media":3939,"template":"","meta":{"pmpro_default_level":"","_themeisle_gutenberg_block_has_review":false},"product_brand":[],"product_cat":[29],"product_tag":[],"class_list":{"0":"post-3938","1":"product","2":"type-product","3":"status-publish","4":"has-post-thumbnail","6":"product_cat-livres","7":"pmpro-has-access","9":"first","10":"instock","11":"taxable","12":"shipping-taxable","13":"purchasable","14":"product-type-simple"},"_links":{"self":[{"href":"https:\/\/vivrelislam.fr\/index.php\/wp-json\/wp\/v2\/product\/3938","targetHints":{"allow":["GET"]}}],"collection":[{"href":"https:\/\/vivrelislam.fr\/index.php\/wp-json\/wp\/v2\/product"}],"about":[{"href":"https:\/\/vivrelislam.fr\/index.php\/wp-json\/wp\/v2\/types\/product"}],"wp:featuredmedia":[{"embeddable":true,"href":"https:\/\/vivrelislam.fr\/index.php\/wp-json\/wp\/v2\/media\/3939"}],"wp:attachment":[{"href":"https:\/\/vivrelislam.fr\/index.php\/wp-json\/wp\/v2\/media?parent=3938"}],"wp:term":[{"taxonomy":"product_brand","embeddable":true,"href":"https:\/\/vivrelislam.fr\/index.php\/wp-json\/wp\/v2\/product_brand?post=3938"},{"taxonomy":"product_cat","embeddable":true,"href":"https:\/\/vivrelislam.fr\/index.php\/wp-json\/wp\/v2\/product_cat?post=3938"},{"taxonomy":"product_tag","embeddable":true,"href":"https:\/\/vivrelislam.fr\/index.php\/wp-json\/wp\/v2\/product_tag?post=3938"}],"curies":[{"name":"wp","href":"https:\/\/api.w.org\/{rel}","templated":true}]}}