{"id":3941,"date":"2025-04-13T17:20:34","date_gmt":"2025-04-13T13:20:34","guid":{"rendered":"https:\/\/vivrelislam.fr\/?post_type=product&#038;p=3941"},"modified":"2026-03-02T12:33:52","modified_gmt":"2026-03-02T08:33:52","slug":"pratique-de-lessentiel-cm2","status":"publish","type":"product","link":"https:\/\/vivrelislam.fr\/index.php\/produit\/pratique-de-lessentiel-cm2\/","title":{"rendered":"Pratique de l&#8217;essentiel &#8211; CM2"},"content":{"rendered":"<p>Si nous voulons aujourd\u2019hui avoir des enfants vers\u00e9s dans le bien, sur la voie de la r\u00e9ussite, sous la b\u00e9n\u00e9diction d\u2019Allah, nous devons nous am\u00e9liorer pour redonner ce flux de spiritualit\u00e9 et retransmettre les valeurs les plus authentiques \u00e0 la nouvelle g\u00e9n\u00e9ration. La science est un puits infini. Le meilleur d\u2019entre nous est celui qui la recherche pour vivre sa foi dans l\u2019amour, la crainte et le respect du Cr\u00e9ateur.<br \/>\nParents et enseignants doivent travailler en compl\u00e9mentarit\u00e9. Les parents ont le devoir de veiller \u00e0 l\u2019\u00e9ducation des enfants, au bon comportement et aux r\u00e8gles de biens\u00e9ances, tout en leur partageant les bases essentielles de la religion.<br \/>\nLes enseignants s\u2019engagent \u00e0 donner aux enfants les moyens de comprendre leur religion et les initient dans la pratique des cinq piliers.<\/p>\n","protected":false},"excerpt":{"rendered":"<p>Si nous voulons aujourd\u2019hui avoir des enfants vers\u00e9s dans le bien, sur la voie de la r\u00e9ussite, sous la b\u00e9n\u00e9diction<\/p>\n","protected":false},"featured_media":3942,"template":"","meta":{"pmpro_default_level":"","_themeisle_gutenberg_block_has_review":false},"product_brand":[],"product_cat":[29],"product_tag":[],"class_list":{"0":"post-3941","1":"product","2":"type-product","3":"status-publish","4":"has-post-thumbnail","6":"product_cat-livres","7":"pmpro-has-access","9":"first","10":"instock","11":"taxable","12":"shipping-taxable","13":"purchasable","14":"product-type-simple"},"_links":{"self":[{"href":"https:\/\/vivrelislam.fr\/index.php\/wp-json\/wp\/v2\/product\/3941","targetHints":{"allow":["GET"]}}],"collection":[{"href":"https:\/\/vivrelislam.fr\/index.php\/wp-json\/wp\/v2\/product"}],"about":[{"href":"https:\/\/vivrelislam.fr\/index.php\/wp-json\/wp\/v2\/types\/product"}],"wp:featuredmedia":[{"embeddable":true,"href":"https:\/\/vivrelislam.fr\/index.php\/wp-json\/wp\/v2\/media\/3942"}],"wp:attachment":[{"href":"https:\/\/vivrelislam.fr\/index.php\/wp-json\/wp\/v2\/media?parent=3941"}],"wp:term":[{"taxonomy":"product_brand","embeddable":true,"href":"https:\/\/vivrelislam.fr\/index.php\/wp-json\/wp\/v2\/product_brand?post=3941"},{"taxonomy":"product_cat","embeddable":true,"href":"https:\/\/vivrelislam.fr\/index.php\/wp-json\/wp\/v2\/product_cat?post=3941"},{"taxonomy":"product_tag","embeddable":true,"href":"https:\/\/vivrelislam.fr\/index.php\/wp-json\/wp\/v2\/product_tag?post=3941"}],"curies":[{"name":"wp","href":"https:\/\/api.w.org\/{rel}","templated":true}]}}