{"id":3979,"date":"2025-04-13T18:53:41","date_gmt":"2025-04-13T14:53:41","guid":{"rendered":"https:\/\/vivrelislam.fr\/?post_type=product&#038;p=3979"},"modified":"2026-03-02T12:43:57","modified_gmt":"2026-03-02T08:43:57","slug":"le-guide-du-tadjwid","status":"publish","type":"product","link":"https:\/\/vivrelislam.fr\/index.php\/produit\/le-guide-du-tadjwid\/","title":{"rendered":"Le guide du Tadjw\u00eed"},"content":{"rendered":"<p>C\u2019est ainsi que ce livret que vous avez entre les mains, \u00e9crit par notre cher professeur Q\u00e2ri Mouhammad Sidd\u00eeq Fal\u00e2hi, traite de la science du Tajw\u00eed : la science qui permet de prononcer les mots du Qour\u2019\u00e2ne correctement. Initialement r\u00e9dig\u00e9 en langue ourdou, sous forme de questions\/r\u00e9ponses pour faciliter la compr\u00e9hension et l\u2019assimilation, il a fait l\u2019objet d\u2019une traduction coupl\u00e9e d\u2019une adaptation afin de satisfaire les besoins d\u2019un public francophone et souvent assez jeune.<br \/>\nCe livret n\u2019a pas la pr\u00e9tention d\u2019enseigner tous les tenants et aboutissants de cette noble science, mais s\u2019y trouvent toutes les r\u00e8gles essentielles pour une lecture soign\u00e9e de la parole d\u2019Allah.<\/p>\n","protected":false},"excerpt":{"rendered":"<p>Un parent a entre autre, la responsabilit\u00e9 de retransmettre \u00e0 son enfant l\u2019\u00e9ducation du Qour\u2019\u00e2ne (c\u2019est-\u00e0-dire lui enseigner sa lecture et sa pratique).<br \/>\nPar les premiers versets r\u00e9v\u00e9l\u00e9s, Le Cr\u00e9ateur a magnifi\u00e9 aupr\u00e8s de Ses cr\u00e9atures le statut de l\u2019\u00e9ducation et de l\u2019enseignement dans la religion. \u00ab Lis ! Ton Seigneur est le Tr\u00e8s Noble, qui a enseign\u00e9 par la plume [le qalame]. Il a enseign\u00e9 \u00e0 l&#8217;Homme ce qu&#8217;il ne savait pas. \u00bb<br \/>\nSi nous souhaitons leur r\u00e9ussite dans les deux mondes, il nous incombe de mettre tous les moyens \u00e0 leur disposition pour qu\u2019ils puissent, d\u00e8s leur jeune \u00e2ge, s\u2019impr\u00e9gner des valeurs enseign\u00e9es par notre bien aim\u00e9 Proph\u00e8te \ufdfa, car comme le dit le dicton : \u00ab La science s\u2019acquiert du berceau au tombeau \u00bb.<\/p>\n","protected":false},"featured_media":3980,"template":"","meta":{"pmpro_default_level":"","_themeisle_gutenberg_block_has_review":false},"product_brand":[],"product_cat":[29],"product_tag":[],"class_list":{"0":"post-3979","1":"product","2":"type-product","3":"status-publish","4":"has-post-thumbnail","6":"product_cat-livres","7":"pmpro-has-access","9":"first","10":"instock","11":"taxable","12":"shipping-taxable","13":"purchasable","14":"product-type-simple"},"_links":{"self":[{"href":"https:\/\/vivrelislam.fr\/index.php\/wp-json\/wp\/v2\/product\/3979","targetHints":{"allow":["GET"]}}],"collection":[{"href":"https:\/\/vivrelislam.fr\/index.php\/wp-json\/wp\/v2\/product"}],"about":[{"href":"https:\/\/vivrelislam.fr\/index.php\/wp-json\/wp\/v2\/types\/product"}],"wp:featuredmedia":[{"embeddable":true,"href":"https:\/\/vivrelislam.fr\/index.php\/wp-json\/wp\/v2\/media\/3980"}],"wp:attachment":[{"href":"https:\/\/vivrelislam.fr\/index.php\/wp-json\/wp\/v2\/media?parent=3979"}],"wp:term":[{"taxonomy":"product_brand","embeddable":true,"href":"https:\/\/vivrelislam.fr\/index.php\/wp-json\/wp\/v2\/product_brand?post=3979"},{"taxonomy":"product_cat","embeddable":true,"href":"https:\/\/vivrelislam.fr\/index.php\/wp-json\/wp\/v2\/product_cat?post=3979"},{"taxonomy":"product_tag","embeddable":true,"href":"https:\/\/vivrelislam.fr\/index.php\/wp-json\/wp\/v2\/product_tag?post=3979"}],"curies":[{"name":"wp","href":"https:\/\/api.w.org\/{rel}","templated":true}]}}