{"id":4231,"date":"2025-05-09T15:26:19","date_gmt":"2025-05-09T11:26:19","guid":{"rendered":"https:\/\/vivrelislam.fr\/?post_type=product&#038;p=4231"},"modified":"2026-04-20T16:59:16","modified_gmt":"2026-04-20T12:59:16","slug":"les-premiers-pas-du-petit-musulman","status":"publish","type":"product","link":"https:\/\/vivrelislam.fr\/index.php\/produit\/les-premiers-pas-du-petit-musulman\/","title":{"rendered":"Les premiers pas du petit musulman"},"content":{"rendered":"<p>Qu&#8217;Allah nous choisisse ainsi que nos enfants pour pouvoir reconna\u00eetre notre cr\u00e9ateur Allah, L&#8217;aimer, L&#8217;adorer et ob\u00e9ir \u00e0 Ses ordres jusqu&#8217;\u00e0notre dernier souffle de vie. Amine<\/p>\n","protected":false},"excerpt":{"rendered":"<p>Qu&#8217;Allah nous choisisse ainsi que nos enfants pour pouvoir reconna\u00eetre notre cr\u00e9ateur Allah, L&#8217;aimer, L&#8217;adorer et ob\u00e9ir \u00e0 Ses ordres<\/p>\n","protected":false},"featured_media":4230,"template":"","meta":{"pmpro_default_level":"","_themeisle_gutenberg_block_has_review":false},"product_brand":[],"product_cat":[29],"product_tag":[],"class_list":{"0":"post-4231","1":"product","2":"type-product","3":"status-publish","4":"has-post-thumbnail","6":"product_cat-livres","7":"pmpro-has-access","9":"first","10":"instock","11":"taxable","12":"shipping-taxable","13":"purchasable","14":"product-type-simple"},"_links":{"self":[{"href":"https:\/\/vivrelislam.fr\/index.php\/wp-json\/wp\/v2\/product\/4231","targetHints":{"allow":["GET"]}}],"collection":[{"href":"https:\/\/vivrelislam.fr\/index.php\/wp-json\/wp\/v2\/product"}],"about":[{"href":"https:\/\/vivrelislam.fr\/index.php\/wp-json\/wp\/v2\/types\/product"}],"wp:featuredmedia":[{"embeddable":true,"href":"https:\/\/vivrelislam.fr\/index.php\/wp-json\/wp\/v2\/media\/4230"}],"wp:attachment":[{"href":"https:\/\/vivrelislam.fr\/index.php\/wp-json\/wp\/v2\/media?parent=4231"}],"wp:term":[{"taxonomy":"product_brand","embeddable":true,"href":"https:\/\/vivrelislam.fr\/index.php\/wp-json\/wp\/v2\/product_brand?post=4231"},{"taxonomy":"product_cat","embeddable":true,"href":"https:\/\/vivrelislam.fr\/index.php\/wp-json\/wp\/v2\/product_cat?post=4231"},{"taxonomy":"product_tag","embeddable":true,"href":"https:\/\/vivrelislam.fr\/index.php\/wp-json\/wp\/v2\/product_tag?post=4231"}],"curies":[{"name":"wp","href":"https:\/\/api.w.org\/{rel}","templated":true}]}}